{"id":4360,"date":"2023-06-05T05:59:03","date_gmt":"2023-06-05T05:59:03","guid":{"rendered":"https:\/\/endccv.com\/?page_id=4360"},"modified":"2023-06-18T22:43:20","modified_gmt":"2023-06-18T22:43:20","slug":"servicios","status":"publish","type":"page","link":"https:\/\/endccv.com\/index.php\/servicios\/","title":{"rendered":"Servicios"},"content":{"rendered":"\n<div class=\"wp-block-group is-layout-constrained\"><div class=\"wp-block-group__inner-container\">\n<div class=\"wp-block-group is-layout-constrained\"><div class=\"wp-block-group__inner-container\">\n<p><strong>Ultrasonido Industrial<\/strong><\/p>\n<\/div><\/div>\n<\/div><\/div>\n\n\n<div class=\"wp-block-image\">\n<figure class=\"alignright size-full\"><img decoding=\"async\" loading=\"lazy\" width=\"510\" height=\"321\" src=\"http:\/\/endccv.com\/wp-content\/uploads\/2023\/05\/WhatsApp-Image-2023-05-08-at-3.18.00-PM-10.jpeg\" alt=\"\" class=\"wp-image-77\" srcset=\"https:\/\/endccv.com\/wp-content\/uploads\/2023\/05\/WhatsApp-Image-2023-05-08-at-3.18.00-PM-10.jpeg 510w, https:\/\/endccv.com\/wp-content\/uploads\/2023\/05\/WhatsApp-Image-2023-05-08-at-3.18.00-PM-10-300x189.jpeg 300w\" sizes=\"(max-width: 510px) 100vw, 510px\" \/><\/figure><\/div>\n\n\n<p>Ofrecemos un servicio integral de ultrasonido industrial; tanto en en el proceso de fabricaci\u00f3n, reparaci\u00f3n y\/o mantenimiento.<\/p>\n\n\n\n<ul>\n<li>Medici\u00f3n de espesores<\/li>\n\n\n\n<li>Barridos de sanidad<\/li>\n\n\n\n<li>Detecci\u00f3n de fallas haz angular<\/li>\n\n\n\n<li>Arreglo de fases&nbsp;<\/li>\n<\/ul>\n\n\n\n<p>Nuestros servicios de ultrasonido industrial se realizan para resolver los problemas que se presentan dentro de cada unidad de producci\u00f3n. Para esto contamos con personal capacitado y calificado seg\u00fan la ASNT como nivel I, II.<\/p>\n\n\n\n<figure class=\"wp-block-image alignwide size-full\"><img decoding=\"async\" loading=\"lazy\" width=\"960\" height=\"146\" src=\"http:\/\/endccv.com\/wp-content\/uploads\/2023\/06\/line4.png\" alt=\"\" class=\"wp-image-4432\" srcset=\"https:\/\/endccv.com\/wp-content\/uploads\/2023\/06\/line4.png 960w, https:\/\/endccv.com\/wp-content\/uploads\/2023\/06\/line4-300x46.png 300w, https:\/\/endccv.com\/wp-content\/uploads\/2023\/06\/line4-768x117.png 768w\" sizes=\"(max-width: 960px) 100vw, 960px\" \/><\/figure>\n\n\n\n<p><strong>L\u00edquidos penetrantes<\/strong><\/p>\n\n\n\n<div class=\"wp-block-media-text alignwide is-stacked-on-mobile\" style=\"grid-template-columns:31% auto\"><figure class=\"wp-block-media-text__media\"><img decoding=\"async\" loading=\"lazy\" width=\"420\" height=\"376\" src=\"http:\/\/endccv.com\/wp-content\/uploads\/2023\/05\/WhatsApp-Image-2023-05-08-at-3.18.00-PM-4.jpeg\" alt=\"\" class=\"wp-image-71 size-full\" srcset=\"https:\/\/endccv.com\/wp-content\/uploads\/2023\/05\/WhatsApp-Image-2023-05-08-at-3.18.00-PM-4.jpeg 420w, https:\/\/endccv.com\/wp-content\/uploads\/2023\/05\/WhatsApp-Image-2023-05-08-at-3.18.00-PM-4-300x269.jpeg 300w\" sizes=\"(max-width: 420px) 100vw, 420px\" \/><\/figure><div class=\"wp-block-media-text__content\">\n<p>La aplicaci\u00f3n de l\u00edquidos penetrantes consiste en un ensayo realizado a uniones soldadas con el fin de detectar discontinuidades en cordones de soldadura tales como poros, grietas, socavaciones, etc.<\/p>\n\n\n\n<p>Ofrecemos un servicio integral de aplicaci\u00f3n de l\u00edquidos penetrantes a uniones soldadas, as\u00ed como materiales y equipos.<\/p>\n\n\n\n<p>Este ensayo se realiza como medida preventiva para evitar fallas futuras mismas que equivaldr\u00edan a problemas cuya soluci\u00f3n se tornar\u00eda mucho m\u00e1s compleja, o a da\u00f1os irreversibles.<br><\/p>\n<\/div><\/div>\n\n\n\n<figure class=\"wp-block-image alignwide size-full\"><img decoding=\"async\" loading=\"lazy\" width=\"960\" height=\"146\" src=\"http:\/\/endccv.com\/wp-content\/uploads\/2023\/06\/line4.png\" alt=\"\" class=\"wp-image-4432\" srcset=\"https:\/\/endccv.com\/wp-content\/uploads\/2023\/06\/line4.png 960w, https:\/\/endccv.com\/wp-content\/uploads\/2023\/06\/line4-300x46.png 300w, https:\/\/endccv.com\/wp-content\/uploads\/2023\/06\/line4-768x117.png 768w\" sizes=\"(max-width: 960px) 100vw, 960px\" \/><\/figure>\n\n\n\n<p><strong>Inspecci\u00f3n Radiogr\u00e1fica<\/strong><\/p>\n\n\n\n<div class=\"wp-block-media-text alignwide has-media-on-the-right is-stacked-on-mobile\" style=\"grid-template-columns:auto 45%\"><div class=\"wp-block-media-text__content\">\n<p>Es un m\u00e9todo de inspecci\u00f3n no destructiva que consiste en la absorci\u00f3n diferenciada de radiaci\u00f3n penetrante por la pieza que est\u00e1 siendo inspeccionada. Esa variaci\u00f3n en la cantidad de radiaci\u00f3n absorbida, detectada mediante un medio, nos indicar\u00e1, entre otras cosas, la existencia de una falla interna o defecto en el material.<\/p>\n\n\n\n<p>Ofrecemos un servicio integral de radiografiado de uniones soldadas que cumple con detectar fallas o discontinuidades en las soldaduras aplicadas, tales como:<\/p>\n\n\n\n<p>Inclusiones de escorias, poros, falta de fusi\u00f3n, falta de penetraci\u00f3n etc.<\/p>\n<\/div><figure class=\"wp-block-media-text__media\"><img decoding=\"async\" loading=\"lazy\" width=\"454\" height=\"269\" src=\"http:\/\/endccv.com\/wp-content\/uploads\/2023\/05\/WhatsApp-Image-2023-05-08-at-12.10.35-PM-1.jpeg\" alt=\"\" class=\"wp-image-100 size-full\" srcset=\"https:\/\/endccv.com\/wp-content\/uploads\/2023\/05\/WhatsApp-Image-2023-05-08-at-12.10.35-PM-1.jpeg 454w, https:\/\/endccv.com\/wp-content\/uploads\/2023\/05\/WhatsApp-Image-2023-05-08-at-12.10.35-PM-1-300x178.jpeg 300w\" sizes=\"(max-width: 454px) 100vw, 454px\" \/><\/figure><\/div>\n\n\n\n<figure class=\"wp-block-image alignwide size-full\"><img decoding=\"async\" loading=\"lazy\" width=\"960\" height=\"146\" src=\"http:\/\/endccv.com\/wp-content\/uploads\/2023\/06\/line4.png\" alt=\"\" class=\"wp-image-4432\" srcset=\"https:\/\/endccv.com\/wp-content\/uploads\/2023\/06\/line4.png 960w, https:\/\/endccv.com\/wp-content\/uploads\/2023\/06\/line4-300x46.png 300w, https:\/\/endccv.com\/wp-content\/uploads\/2023\/06\/line4-768x117.png 768w\" sizes=\"(max-width: 960px) 100vw, 960px\" \/><\/figure>\n\n\n\n<p><strong>Part\u00edculas Magn\u00e9ticas<\/strong><\/p>\n\n\n\n<div class=\"wp-block-media-text alignwide is-stacked-on-mobile\" style=\"grid-template-columns:39% auto\"><figure class=\"wp-block-media-text__media\"><img decoding=\"async\" loading=\"lazy\" width=\"432\" height=\"267\" src=\"http:\/\/endccv.com\/wp-content\/uploads\/2023\/05\/WhatsApp-Image-2023-05-08-at-12.10.26-PM.jpeg\" alt=\"\" class=\"wp-image-81 size-full\" srcset=\"https:\/\/endccv.com\/wp-content\/uploads\/2023\/05\/WhatsApp-Image-2023-05-08-at-12.10.26-PM.jpeg 432w, https:\/\/endccv.com\/wp-content\/uploads\/2023\/05\/WhatsApp-Image-2023-05-08-at-12.10.26-PM-300x185.jpeg 300w\" sizes=\"(max-width: 432px) 100vw, 432px\" \/><\/figure><div class=\"wp-block-media-text__content\">\n<p>Esta t\u00e9cnica se utiliza en materiales ferromagn\u00e9ticos permitiendo detectar grietas y otras discontinuidades tanto superficiales como pr\u00f3ximas a la superficie.<\/p>\n\n\n\n<p>El m\u00e9todo se basa en la&nbsp;atracci\u00f3n de un polvo met\u00e1lico aplicado sobre la superficie hacia las discontinuidades presentes en el material bajo la acci\u00f3n de un campo magn\u00e9tico.&nbsp;La acumulaci\u00f3n de este polvo met\u00e1lico en torno a las discontinuidades revelar\u00e1 la localizaci\u00f3n de las mismas.<\/p>\n<\/div><\/div>\n\n\n\n<figure class=\"wp-block-image alignwide size-full\"><img decoding=\"async\" loading=\"lazy\" width=\"960\" height=\"146\" src=\"http:\/\/endccv.com\/wp-content\/uploads\/2023\/06\/line4.png\" alt=\"\" class=\"wp-image-4432\" srcset=\"https:\/\/endccv.com\/wp-content\/uploads\/2023\/06\/line4.png 960w, https:\/\/endccv.com\/wp-content\/uploads\/2023\/06\/line4-300x46.png 300w, https:\/\/endccv.com\/wp-content\/uploads\/2023\/06\/line4-768x117.png 768w\" sizes=\"(max-width: 960px) 100vw, 960px\" \/><\/figure>\n\n\n\n<p><strong>Inspecci\u00f3n Visual<\/strong><\/p>\n\n\n\n<div class=\"wp-block-media-text alignwide has-media-on-the-right is-stacked-on-mobile\" style=\"grid-template-columns:auto 41%\"><div class=\"wp-block-media-text__content\">\n<p>La inspecci\u00f3n visual (VT) es el m\u00e9todo no destructivo m\u00e1s utilizado en todas las industrias de fabricaci\u00f3n de materiales. Se basa en la observaci\u00f3n de discontinuidades visibles a simple vista. Permite un control en todas las etapas del proceso de fabricaci\u00f3n o mantenimiento de las instalaciones.<\/p>\n\n\n\n<p>Nosotros disponemos con un variado conjunto de instrumentos de medida y accesorios, capaces de permitirnos realizar la gran mayor\u00eda de las inspecciones visuales demandadas en cualquiera de los productos e industrias habituales.<\/p>\n\n\n\n<ul>\n<li>Productos soldados: Reglas, galgas, instrumentos de metrolog\u00eda.<\/li>\n\n\n\n<li>Industria aeron\u00e1utica: Micr\u00f3metros, Pies de rey, galgas, instrumentos de metrolog\u00eda<\/li>\n\n\n\n<li>Acceso remoto: Endoscopio flexible de visi\u00f3n directa.<\/li>\n<\/ul>\n<\/div><figure class=\"wp-block-media-text__media\"><img decoding=\"async\" loading=\"lazy\" width=\"527\" height=\"417\" src=\"http:\/\/endccv.com\/wp-content\/uploads\/2023\/05\/WhatsApp-Image-2023-05-08-at-12.10.29-PM-1.jpeg\" alt=\"\" class=\"wp-image-86 size-full\" srcset=\"https:\/\/endccv.com\/wp-content\/uploads\/2023\/05\/WhatsApp-Image-2023-05-08-at-12.10.29-PM-1.jpeg 527w, https:\/\/endccv.com\/wp-content\/uploads\/2023\/05\/WhatsApp-Image-2023-05-08-at-12.10.29-PM-1-300x237.jpeg 300w\" sizes=\"(max-width: 527px) 100vw, 527px\" \/><\/figure><\/div>\n\n\n\n<figure class=\"wp-block-image alignwide size-full\"><img decoding=\"async\" loading=\"lazy\" width=\"960\" height=\"146\" src=\"http:\/\/endccv.com\/wp-content\/uploads\/2023\/06\/line4.png\" alt=\"\" class=\"wp-image-4432\" srcset=\"https:\/\/endccv.com\/wp-content\/uploads\/2023\/06\/line4.png 960w, https:\/\/endccv.com\/wp-content\/uploads\/2023\/06\/line4-300x46.png 300w, https:\/\/endccv.com\/wp-content\/uploads\/2023\/06\/line4-768x117.png 768w\" sizes=\"(max-width: 960px) 100vw, 960px\" \/><\/figure>\n\n\n\n<p><strong>Pruebas de Hermeticidad (Hidrost\u00e1tica)<\/strong><\/p>\n\n\n\n<div class=\"wp-block-media-text alignwide is-stacked-on-mobile\" style=\"grid-template-columns:39% auto\"><figure class=\"wp-block-media-text__media\"><img decoding=\"async\" loading=\"lazy\" width=\"549\" height=\"330\" src=\"http:\/\/endccv.com\/wp-content\/uploads\/2023\/05\/WhatsApp-Image-2023-05-08-at-3.17.59-PM-10.jpeg\" alt=\"\" class=\"wp-image-60 size-full\" srcset=\"https:\/\/endccv.com\/wp-content\/uploads\/2023\/05\/WhatsApp-Image-2023-05-08-at-3.17.59-PM-10.jpeg 549w, https:\/\/endccv.com\/wp-content\/uploads\/2023\/05\/WhatsApp-Image-2023-05-08-at-3.17.59-PM-10-300x180.jpeg 300w\" sizes=\"(max-width: 549px) 100vw, 549px\" \/><\/figure><div class=\"wp-block-media-text__content\">\n<p>La prueba de&nbsp;presi\u00f3n hidrost\u00e1tica se define como&nbsp;la aplicaci\u00f3n de presi\u00f3n en el interior de un equipo o l\u00ednea de tuber\u00edas fuera de operaci\u00f3n, con el fin de verificar su resistencia y hermeticidad, teniendo en cuenta las uniones soldadas y embridados, utilizando un fluido no corrosivo, normalmente agua.<\/p>\n\n\n\n<p>tras la inspecci\u00f3n visual se constata que no existen fugas ni deformaciones permanentes.<\/p>\n<\/div><\/div>\n\n\n\n<figure class=\"wp-block-image alignwide size-full\"><img decoding=\"async\" loading=\"lazy\" width=\"960\" height=\"146\" src=\"http:\/\/endccv.com\/wp-content\/uploads\/2023\/06\/line4.png\" alt=\"\" class=\"wp-image-4432\" srcset=\"https:\/\/endccv.com\/wp-content\/uploads\/2023\/06\/line4.png 960w, https:\/\/endccv.com\/wp-content\/uploads\/2023\/06\/line4-300x46.png 300w, https:\/\/endccv.com\/wp-content\/uploads\/2023\/06\/line4-768x117.png 768w\" sizes=\"(max-width: 960px) 100vw, 960px\" \/><\/figure>\n\n\n\n<p><strong>Trabajos de Soldadura<\/strong><\/p>\n\n\n\n<div class=\"wp-block-media-text alignwide has-media-on-the-right is-stacked-on-mobile\" style=\"grid-template-columns:auto 40%\"><div class=\"wp-block-media-text__content\">\n<p>Contamos con soldadores calificados en los diferentes procesos de soldadura<\/p>\n\n\n\n<ul>\n<li>SMAW<\/li>\n\n\n\n<li>GTAW<\/li>\n\n\n\n<li>GMAW<\/li>\n\n\n\n<li>FCAW<\/li>\n<\/ul>\n\n\n\n<p>Tenemos amplia experiencia en trabajos de construcci\u00f3n tanto en estructuras como en tuber\u00edas de proceso y conducci\u00f3n trabajamos de acuerdo a las principales normas y c\u00f3digos internacionales.<\/p>\n<\/div><figure class=\"wp-block-media-text__media\"><img decoding=\"async\" loading=\"lazy\" width=\"441\" height=\"316\" src=\"http:\/\/endccv.com\/wp-content\/uploads\/2023\/05\/WhatsApp-Image-2023-05-08-at-12.10.33-PM-1.jpeg\" alt=\"\" class=\"wp-image-94 size-full\" srcset=\"https:\/\/endccv.com\/wp-content\/uploads\/2023\/05\/WhatsApp-Image-2023-05-08-at-12.10.33-PM-1.jpeg 441w, https:\/\/endccv.com\/wp-content\/uploads\/2023\/05\/WhatsApp-Image-2023-05-08-at-12.10.33-PM-1-300x215.jpeg 300w\" sizes=\"(max-width: 441px) 100vw, 441px\" \/><\/figure><\/div>\n\n\n\n<figure class=\"wp-block-image alignwide size-full\"><img decoding=\"async\" loading=\"lazy\" width=\"960\" height=\"146\" src=\"http:\/\/endccv.com\/wp-content\/uploads\/2023\/06\/line4.png\" alt=\"\" class=\"wp-image-4432\" srcset=\"https:\/\/endccv.com\/wp-content\/uploads\/2023\/06\/line4.png 960w, https:\/\/endccv.com\/wp-content\/uploads\/2023\/06\/line4-300x46.png 300w, https:\/\/endccv.com\/wp-content\/uploads\/2023\/06\/line4-768x117.png 768w\" sizes=\"(max-width: 960px) 100vw, 960px\" \/><\/figure>\n\n\n\n<p><strong>Elaboraci\u00f3n de Procedimientos de Soldadura y Ensayos Mec\u00e1nicos <\/strong><\/p>\n\n\n\n<div class=\"wp-block-media-text alignwide is-stacked-on-mobile\" style=\"grid-template-columns:33% auto\"><figure class=\"wp-block-media-text__media\"><img decoding=\"async\" loading=\"lazy\" width=\"436\" height=\"315\" src=\"http:\/\/endccv.com\/wp-content\/uploads\/2023\/05\/WhatsApp-Image-2023-05-08-at-12.10.33-PM-2.jpeg\" alt=\"\" class=\"wp-image-95 size-full\" srcset=\"https:\/\/endccv.com\/wp-content\/uploads\/2023\/05\/WhatsApp-Image-2023-05-08-at-12.10.33-PM-2.jpeg 436w, https:\/\/endccv.com\/wp-content\/uploads\/2023\/05\/WhatsApp-Image-2023-05-08-at-12.10.33-PM-2-300x217.jpeg 300w\" sizes=\"(max-width: 436px) 100vw, 436px\" \/><\/figure><div class=\"wp-block-media-text__content\">\n<p>Contamos con personal calificado para elaborar procedimientos de soldadura as\u00ed como ensayos mec\u00e1nicos que los avalan &nbsp;<\/p>\n\n\n\n<ul>\n<li>WPS<\/li>\n\n\n\n<li>PQR<\/li>\n\n\n\n<li>WPQ<\/li>\n<\/ul>\n\n\n\n<p>Elaboramos procedimientos de soldadura para diferentes procesos con respaldo normativo y personal certificado.<\/p>\n<\/div><\/div>\n\n\n\n<figure class=\"wp-block-image size-full\"><img decoding=\"async\" loading=\"lazy\" width=\"960\" height=\"146\" src=\"http:\/\/endccv.com\/wp-content\/uploads\/2023\/06\/line4.png\" alt=\"\" class=\"wp-image-4432\" srcset=\"https:\/\/endccv.com\/wp-content\/uploads\/2023\/06\/line4.png 960w, https:\/\/endccv.com\/wp-content\/uploads\/2023\/06\/line4-300x46.png 300w, https:\/\/endccv.com\/wp-content\/uploads\/2023\/06\/line4-768x117.png 768w\" sizes=\"(max-width: 960px) 100vw, 960px\" \/><\/figure>\n","protected":false},"excerpt":{"rendered":"<p>Ultrasonido Industrial Ofrecemos un servicio integral de ultrasonido industrial; tanto en en el proceso de fabricaci\u00f3n, reparaci\u00f3n y\/o mantenimiento. Nuestros servicios de ultrasonido industrial se realizan para resolver los problemas que se presentan dentro de cada unidad de producci\u00f3n. Para esto contamos con personal capacitado y calificado seg\u00fan la ASNT [&hellip;]<\/p>\n","protected":false},"author":1,"featured_media":70,"parent":0,"menu_order":0,"comment_status":"closed","ping_status":"closed","template":"page-templates\/template-fullwidth.php","meta":{"_themeisle_gutenberg_block_has_review":false},"yoast_head":"<!-- This site is optimized with the Yoast SEO plugin v20.9 - https:\/\/yoast.com\/wordpress\/plugins\/seo\/ -->\n<title>Servicios - endccv.com %<\/title>\n<meta name=\"robots\" content=\"index, follow, max-snippet:-1, max-image-preview:large, max-video-preview:-1\" \/>\n<link rel=\"canonical\" href=\"https:\/\/endccv.com\/index.php\/servicios\/\" \/>\n<meta property=\"og:locale\" content=\"en_US\" \/>\n<meta property=\"og:type\" content=\"article\" \/>\n<meta property=\"og:title\" content=\"Servicios - endccv.com %\" \/>\n<meta property=\"og:description\" content=\"Ultrasonido Industrial Ofrecemos un servicio integral de ultrasonido industrial; tanto en en el proceso de fabricaci\u00f3n, reparaci\u00f3n y\/o mantenimiento. Nuestros servicios de ultrasonido industrial se realizan para resolver los problemas que se presentan dentro de cada unidad de producci\u00f3n. Para esto contamos con personal capacitado y calificado seg\u00fan la ASNT [&hellip;]\" \/>\n<meta property=\"og:url\" content=\"https:\/\/endccv.com\/index.php\/servicios\/\" \/>\n<meta property=\"og:site_name\" content=\"endccv.com\" \/>\n<meta property=\"article:modified_time\" content=\"2023-06-18T22:43:20+00:00\" \/>\n<meta property=\"og:image\" content=\"http:\/\/endccv.com\/wp-content\/uploads\/2023\/05\/WhatsApp-Image-2023-05-08-at-3.18.00-PM-3-1.jpeg\" \/>\n\t<meta property=\"og:image:width\" content=\"1024\" \/>\n\t<meta property=\"og:image:height\" content=\"768\" \/>\n\t<meta property=\"og:image:type\" content=\"image\/jpeg\" \/>\n<meta name=\"twitter:card\" content=\"summary_large_image\" \/>\n<meta name=\"twitter:label1\" content=\"Est. reading time\" \/>\n\t<meta name=\"twitter:data1\" content=\"6 minutes\" \/>\n<script type=\"application\/ld+json\" class=\"yoast-schema-graph\">{\"@context\":\"https:\/\/schema.org\",\"@graph\":[{\"@type\":\"WebPage\",\"@id\":\"https:\/\/endccv.com\/index.php\/servicios\/\",\"url\":\"https:\/\/endccv.com\/index.php\/servicios\/\",\"name\":\"Servicios - endccv.com %\",\"isPartOf\":{\"@id\":\"https:\/\/endccv.com\/#website\"},\"datePublished\":\"2023-06-05T05:59:03+00:00\",\"dateModified\":\"2023-06-18T22:43:20+00:00\",\"breadcrumb\":{\"@id\":\"https:\/\/endccv.com\/index.php\/servicios\/#breadcrumb\"},\"inLanguage\":\"en-US\",\"potentialAction\":[{\"@type\":\"ReadAction\",\"target\":[\"https:\/\/endccv.com\/index.php\/servicios\/\"]}]},{\"@type\":\"BreadcrumbList\",\"@id\":\"https:\/\/endccv.com\/index.php\/servicios\/#breadcrumb\",\"itemListElement\":[{\"@type\":\"ListItem\",\"position\":1,\"name\":\"Inicio\",\"item\":\"https:\/\/endccv.com\/\"},{\"@type\":\"ListItem\",\"position\":2,\"name\":\"Servicios\"}]},{\"@type\":\"WebSite\",\"@id\":\"https:\/\/endccv.com\/#website\",\"url\":\"https:\/\/endccv.com\/\",\"name\":\"endccv.com\",\"description\":\"Ensayos No Destructivos y Control de Calidad de Veracruz\",\"publisher\":{\"@id\":\"https:\/\/endccv.com\/#organization\"},\"alternateName\":\"Ensayos No Destructivos y Control de Calidad de Veracruz\",\"potentialAction\":[{\"@type\":\"SearchAction\",\"target\":{\"@type\":\"EntryPoint\",\"urlTemplate\":\"https:\/\/endccv.com\/?s={search_term_string}\"},\"query-input\":\"required name=search_term_string\"}],\"inLanguage\":\"en-US\"},{\"@type\":\"Organization\",\"@id\":\"https:\/\/endccv.com\/#organization\",\"name\":\"Ensayos No Destructivos y Control de Calidad de Veracruz\",\"url\":\"https:\/\/endccv.com\/\",\"logo\":{\"@type\":\"ImageObject\",\"inLanguage\":\"en-US\",\"@id\":\"https:\/\/endccv.com\/#\/schema\/logo\/image\/\",\"url\":\"https:\/\/endccv.com\/wp-content\/uploads\/2023\/05\/cropped-Logo.png\",\"contentUrl\":\"https:\/\/endccv.com\/wp-content\/uploads\/2023\/05\/cropped-Logo.png\",\"width\":884,\"height\":644,\"caption\":\"Ensayos No Destructivos y Control de Calidad de Veracruz\"},\"image\":{\"@id\":\"https:\/\/endccv.com\/#\/schema\/logo\/image\/\"}}]}<\/script>\n<!-- \/ Yoast SEO plugin. -->","yoast_head_json":{"title":"Servicios - endccv.com %","robots":{"index":"index","follow":"follow","max-snippet":"max-snippet:-1","max-image-preview":"max-image-preview:large","max-video-preview":"max-video-preview:-1"},"canonical":"https:\/\/endccv.com\/index.php\/servicios\/","og_locale":"en_US","og_type":"article","og_title":"Servicios - endccv.com %","og_description":"Ultrasonido Industrial Ofrecemos un servicio integral de ultrasonido industrial; tanto en en el proceso de fabricaci\u00f3n, reparaci\u00f3n y\/o mantenimiento. Nuestros servicios de ultrasonido industrial se realizan para resolver los problemas que se presentan dentro de cada unidad de producci\u00f3n. Para esto contamos con personal capacitado y calificado seg\u00fan la ASNT [&hellip;]","og_url":"https:\/\/endccv.com\/index.php\/servicios\/","og_site_name":"endccv.com","article_modified_time":"2023-06-18T22:43:20+00:00","og_image":[{"width":1024,"height":768,"url":"http:\/\/endccv.com\/wp-content\/uploads\/2023\/05\/WhatsApp-Image-2023-05-08-at-3.18.00-PM-3-1.jpeg","type":"image\/jpeg"}],"twitter_card":"summary_large_image","twitter_misc":{"Est. reading time":"6 minutes"},"schema":{"@context":"https:\/\/schema.org","@graph":[{"@type":"WebPage","@id":"https:\/\/endccv.com\/index.php\/servicios\/","url":"https:\/\/endccv.com\/index.php\/servicios\/","name":"Servicios - endccv.com %","isPartOf":{"@id":"https:\/\/endccv.com\/#website"},"datePublished":"2023-06-05T05:59:03+00:00","dateModified":"2023-06-18T22:43:20+00:00","breadcrumb":{"@id":"https:\/\/endccv.com\/index.php\/servicios\/#breadcrumb"},"inLanguage":"en-US","potentialAction":[{"@type":"ReadAction","target":["https:\/\/endccv.com\/index.php\/servicios\/"]}]},{"@type":"BreadcrumbList","@id":"https:\/\/endccv.com\/index.php\/servicios\/#breadcrumb","itemListElement":[{"@type":"ListItem","position":1,"name":"Inicio","item":"https:\/\/endccv.com\/"},{"@type":"ListItem","position":2,"name":"Servicios"}]},{"@type":"WebSite","@id":"https:\/\/endccv.com\/#website","url":"https:\/\/endccv.com\/","name":"endccv.com","description":"Ensayos No Destructivos y Control de Calidad de Veracruz","publisher":{"@id":"https:\/\/endccv.com\/#organization"},"alternateName":"Ensayos No Destructivos y Control de Calidad de Veracruz","potentialAction":[{"@type":"SearchAction","target":{"@type":"EntryPoint","urlTemplate":"https:\/\/endccv.com\/?s={search_term_string}"},"query-input":"required name=search_term_string"}],"inLanguage":"en-US"},{"@type":"Organization","@id":"https:\/\/endccv.com\/#organization","name":"Ensayos No Destructivos y Control de Calidad de Veracruz","url":"https:\/\/endccv.com\/","logo":{"@type":"ImageObject","inLanguage":"en-US","@id":"https:\/\/endccv.com\/#\/schema\/logo\/image\/","url":"https:\/\/endccv.com\/wp-content\/uploads\/2023\/05\/cropped-Logo.png","contentUrl":"https:\/\/endccv.com\/wp-content\/uploads\/2023\/05\/cropped-Logo.png","width":884,"height":644,"caption":"Ensayos No Destructivos y Control de Calidad de Veracruz"},"image":{"@id":"https:\/\/endccv.com\/#\/schema\/logo\/image\/"}}]}},"_links":{"self":[{"href":"https:\/\/endccv.com\/index.php\/wp-json\/wp\/v2\/pages\/4360"}],"collection":[{"href":"https:\/\/endccv.com\/index.php\/wp-json\/wp\/v2\/pages"}],"about":[{"href":"https:\/\/endccv.com\/index.php\/wp-json\/wp\/v2\/types\/page"}],"author":[{"embeddable":true,"href":"https:\/\/endccv.com\/index.php\/wp-json\/wp\/v2\/users\/1"}],"replies":[{"embeddable":true,"href":"https:\/\/endccv.com\/index.php\/wp-json\/wp\/v2\/comments?post=4360"}],"version-history":[{"count":43,"href":"https:\/\/endccv.com\/index.php\/wp-json\/wp\/v2\/pages\/4360\/revisions"}],"predecessor-version":[{"id":4475,"href":"https:\/\/endccv.com\/index.php\/wp-json\/wp\/v2\/pages\/4360\/revisions\/4475"}],"wp:featuredmedia":[{"embeddable":true,"href":"https:\/\/endccv.com\/index.php\/wp-json\/wp\/v2\/media\/70"}],"wp:attachment":[{"href":"https:\/\/endccv.com\/index.php\/wp-json\/wp\/v2\/media?parent=4360"}],"curies":[{"name":"wp","href":"https:\/\/api.w.org\/{rel}","templated":true}]}}