{"id":30,"date":"2023-05-09T04:06:41","date_gmt":"2023-05-09T04:06:41","guid":{"rendered":"https:\/\/endccv.com\/?page_id=30"},"modified":"2026-04-11T00:46:41","modified_gmt":"2026-04-11T00:46:41","slug":"contacto","status":"publish","type":"page","link":"https:\/\/endccv.com\/index.php\/contacto\/","title":{"rendered":"Contacto"},"content":{"rendered":"\n<div class=\"wp-block-columns alignfull is-layout-flex wp-container-2\">\n<div class=\"wp-block-column is-layout-flow\">\n<div style=\"width: 100%\"><iframe src=\"https:\/\/www.google.com\/maps\/embed?pb=!1m18!1m12!1m3!1d3791.5110739491192!2d-94.47149722461005!3d18.14035598067739!2m3!1f0!2f0!3f0!3m2!1i1024!2i768!4f13.1!3m3!1m2!1s0x85e98377924e752b%3A0x4ade8c91dadc9daf!2sCrist%C3%B3bal%20Col%C3%B3n%2010%2C%20Fovissste%203%20Rancho%20Alegre%2C%2096558%20Coatzacoalcos%2C%20Ver.!5e0!3m2!1ses-419!2smx!4v1685941712414!5m2!1ses-419!2smx\" width=100% height=\"400\" style=\"border:0;\" allowfullscreen=\"\" loading=\"lazy\" referrerpolicy=\"no-referrer-when-downgrade\"><\/iframe><\/div>\n\n\n\n<p><\/p>\n<\/div>\n<\/div>\n\n\n\n<div class=\"wp-block-columns container is-layout-flex wp-container-8\">\n<div class=\"wp-block-column is-vertically-aligned-center is-layout-flow\">\n<div class=\"wp-block-columns is-layout-flex wp-container-6\">\n<div class=\"wp-block-column is-layout-flow\">\n<h2 class=\"wp-block-heading has-text-align-left hestia-title has-text-color\" style=\"color:#3c4858;font-size:18px\"><img decoding=\"async\" class=\"wp-image-86\" style=\"width: 25px;\" src=\"https:\/\/endccv.com\/wp-content\/themes\/hestia\/assets\/img\/contact1.png\" alt=\"Map icon\">  Ubicaci\u00f3n<\/h2>\n\n\n\n<p class=\"has-text-align-left has-black-color has-text-color\" style=\"font-size:17px\">Calle Cristobal Col\u00f3n #10<br>Col. Rafael Hern\u00e1ndez Ochoa<br>Coatzacoalcos, Veracruz.<\/p>\n<\/div>\n\n\n\n<div class=\"wp-block-column is-layout-flow\" style=\"flex-basis:50%\">\n<h2 class=\"wp-block-heading has-text-align-center hestia-title has-text-color\" style=\"color:#3c4858;font-size:18px\"><img decoding=\"async\" class=\"wp-image-98\" style=\"width: 25px;\" src=\"https:\/\/endccv.com\/wp-content\/themes\/hestia\/assets\/img\/contact2.png\" alt=\"\">  Tel\u00e9fono<\/h2>\n\n\n\n<p class=\"has-text-align-center has-black-color has-text-color\" style=\"font-size:17px\"><font dir=\"auto\" style=\"vertical-align: inherit;\"><font dir=\"auto\" style=\"vertical-align: inherit;\"><font dir=\"auto\" style=\"vertical-align: inherit;\"><font dir=\"auto\" style=\"vertical-align: inherit;\">oficina <\/font><\/font><\/font><\/font><br><a href=\"tel:+522283043234\"><font dir=\"auto\" style=\"vertical-align: inherit;\"><font dir=\"auto\" style=\"vertical-align: inherit;\"><font dir=\"auto\" style=\"vertical-align: inherit;\"><font dir=\"auto\" style=\"vertical-align: inherit;\">+52 (<\/font><\/font> 228)<\/font><\/font><\/a><font dir=\"auto\" style=\"vertical-align: inherit;\"><font dir=\"auto\" style=\"vertical-align: inherit;\"> 3043234  <\/font><\/font><\/p>\n\n\n\n<p class=\"has-text-align-center has-black-color has-text-color\" style=\"font-size:17px\"><font dir=\"auto\" style=\"vertical-align: inherit;\"><font dir=\"auto\" style=\"vertical-align: inherit;\"> +52 (228)<\/font><\/font> 8540387<\/p>\n\n\n\n<p> <\/p>\n\n\n\n<p class=\"has-text-align-center has-black-color has-text-color\" style=\"font-size:17px\">Lunes &#8211; Viernes <\/p>\n\n\n\n<p class=\"has-text-align-center has-black-color has-text-color\" style=\"font-size:17px\">8:00 &#8211; 17:00<\/p>\n\n\n\n<p><\/p>\n<\/div>\n\n\n\n<div class=\"wp-block-column is-layout-flow\">\n<h2 class=\"wp-block-heading has-text-align-left hestia-title has-text-color\" style=\"color:#3c4858;font-size:18px\"><img decoding=\"async\" class=\"wp-image-106\n\" style=\"width: 25px;\" src=\"https:\/\/endccv.com\/wp-content\/themes\/hestia\/assets\/img\/contact3.png\" alt=\"\"><strong>  <\/strong>Correo<\/h2>\n\n\n\n<p class=\"has-text-align-left has-black-color has-text-color\" style=\"font-size:17px\"><a href=\"mailto:martin.garfias@endccv.com\">ventas@endccv.com<\/a><\/p>\n<\/div>\n<\/div>\n<\/div>\n<\/div>\n\n\n\n<p><\/p>\n","protected":false},"excerpt":{"rendered":"<p>Ubicaci\u00f3n Calle Cristobal Col\u00f3n #10Col. Rafael Hern\u00e1ndez OchoaCoatzacoalcos, Veracruz. Tel\u00e9fono oficina +52 ( 228) 3043234 +52 (228) 8540387 Lunes &#8211; Viernes 8:00 &#8211; 17:00 Correo ventas@endccv.com<\/p>\n","protected":false},"author":1,"featured_media":22,"parent":0,"menu_order":0,"comment_status":"open","ping_status":"closed","template":"page-templates\/template-pagebuilder-full-width.php","meta":{"_themeisle_gutenberg_block_has_review":false},"yoast_head":"<!-- This site is optimized with the Yoast SEO plugin v20.9 - https:\/\/yoast.com\/wordpress\/plugins\/seo\/ -->\n<title>Contacto - endccv.com %<\/title>\n<meta name=\"description\" content=\"Servicio de Inspecciones mediante Ensayos No Destructivos. Ofrecemos un servicio integral de ultrasonido industrial; tanto en en el proceso de fabricaci\u00f3n, reparaci\u00f3n y\/o mantenimiento.\" \/>\n<meta name=\"robots\" content=\"index, follow, max-snippet:-1, max-image-preview:large, max-video-preview:-1\" \/>\n<link rel=\"canonical\" href=\"https:\/\/endccv.com\/index.php\/contacto\/\" \/>\n<meta property=\"og:locale\" content=\"en_US\" \/>\n<meta property=\"og:type\" content=\"article\" \/>\n<meta property=\"og:title\" content=\"Contacto - endccv.com %\" \/>\n<meta property=\"og:description\" content=\"Servicio de Inspecciones mediante Ensayos No Destructivos. Ofrecemos un servicio integral de ultrasonido industrial; tanto en en el proceso de fabricaci\u00f3n, reparaci\u00f3n y\/o mantenimiento.\" \/>\n<meta property=\"og:url\" content=\"https:\/\/endccv.com\/index.php\/contacto\/\" \/>\n<meta property=\"og:site_name\" content=\"endccv.com\" \/>\n<meta property=\"article:modified_time\" content=\"2026-04-11T00:46:41+00:00\" \/>\n<meta property=\"og:image\" content=\"http:\/\/endccv.com\/wp-content\/uploads\/2023\/05\/contact-1.jpg\" \/>\n\t<meta property=\"og:image:width\" content=\"1024\" \/>\n\t<meta property=\"og:image:height\" content=\"683\" \/>\n\t<meta property=\"og:image:type\" content=\"image\/jpeg\" \/>\n<meta name=\"twitter:card\" content=\"summary_large_image\" \/>\n<meta name=\"twitter:label1\" content=\"Est. reading time\" \/>\n\t<meta name=\"twitter:data1\" content=\"1 minute\" \/>\n<script type=\"application\/ld+json\" class=\"yoast-schema-graph\">{\"@context\":\"https:\/\/schema.org\",\"@graph\":[{\"@type\":\"WebPage\",\"@id\":\"https:\/\/endccv.com\/index.php\/contacto\/\",\"url\":\"https:\/\/endccv.com\/index.php\/contacto\/\",\"name\":\"Contacto - endccv.com %\",\"isPartOf\":{\"@id\":\"https:\/\/endccv.com\/#website\"},\"datePublished\":\"2023-05-09T04:06:41+00:00\",\"dateModified\":\"2026-04-11T00:46:41+00:00\",\"description\":\"Servicio de Inspecciones mediante Ensayos No Destructivos. Ofrecemos un servicio integral de ultrasonido industrial; tanto en en el proceso de fabricaci\u00f3n, reparaci\u00f3n y\/o mantenimiento.\",\"breadcrumb\":{\"@id\":\"https:\/\/endccv.com\/index.php\/contacto\/#breadcrumb\"},\"inLanguage\":\"en-US\",\"potentialAction\":[{\"@type\":\"ReadAction\",\"target\":[\"https:\/\/endccv.com\/index.php\/contacto\/\"]}]},{\"@type\":\"BreadcrumbList\",\"@id\":\"https:\/\/endccv.com\/index.php\/contacto\/#breadcrumb\",\"itemListElement\":[{\"@type\":\"ListItem\",\"position\":1,\"name\":\"Inicio\",\"item\":\"https:\/\/endccv.com\/\"},{\"@type\":\"ListItem\",\"position\":2,\"name\":\"Contacto\"}]},{\"@type\":\"WebSite\",\"@id\":\"https:\/\/endccv.com\/#website\",\"url\":\"https:\/\/endccv.com\/\",\"name\":\"endccv.com\",\"description\":\"Ensayos No Destructivos y Control de Calidad de Veracruz\",\"publisher\":{\"@id\":\"https:\/\/endccv.com\/#organization\"},\"alternateName\":\"Ensayos No Destructivos y Control de Calidad de Veracruz\",\"potentialAction\":[{\"@type\":\"SearchAction\",\"target\":{\"@type\":\"EntryPoint\",\"urlTemplate\":\"https:\/\/endccv.com\/?s={search_term_string}\"},\"query-input\":\"required name=search_term_string\"}],\"inLanguage\":\"en-US\"},{\"@type\":\"Organization\",\"@id\":\"https:\/\/endccv.com\/#organization\",\"name\":\"Ensayos No Destructivos y Control de Calidad de Veracruz\",\"url\":\"https:\/\/endccv.com\/\",\"logo\":{\"@type\":\"ImageObject\",\"inLanguage\":\"en-US\",\"@id\":\"https:\/\/endccv.com\/#\/schema\/logo\/image\/\",\"url\":\"https:\/\/endccv.com\/wp-content\/uploads\/2023\/05\/cropped-Logo.png\",\"contentUrl\":\"https:\/\/endccv.com\/wp-content\/uploads\/2023\/05\/cropped-Logo.png\",\"width\":884,\"height\":644,\"caption\":\"Ensayos No Destructivos y Control de Calidad de Veracruz\"},\"image\":{\"@id\":\"https:\/\/endccv.com\/#\/schema\/logo\/image\/\"}}]}<\/script>\n<!-- \/ Yoast SEO plugin. -->","yoast_head_json":{"title":"Contacto - endccv.com %","description":"Servicio de Inspecciones mediante Ensayos No Destructivos. Ofrecemos un servicio integral de ultrasonido industrial; tanto en en el proceso de fabricaci\u00f3n, reparaci\u00f3n y\/o mantenimiento.","robots":{"index":"index","follow":"follow","max-snippet":"max-snippet:-1","max-image-preview":"max-image-preview:large","max-video-preview":"max-video-preview:-1"},"canonical":"https:\/\/endccv.com\/index.php\/contacto\/","og_locale":"en_US","og_type":"article","og_title":"Contacto - endccv.com %","og_description":"Servicio de Inspecciones mediante Ensayos No Destructivos. Ofrecemos un servicio integral de ultrasonido industrial; tanto en en el proceso de fabricaci\u00f3n, reparaci\u00f3n y\/o mantenimiento.","og_url":"https:\/\/endccv.com\/index.php\/contacto\/","og_site_name":"endccv.com","article_modified_time":"2026-04-11T00:46:41+00:00","og_image":[{"width":1024,"height":683,"url":"http:\/\/endccv.com\/wp-content\/uploads\/2023\/05\/contact-1.jpg","type":"image\/jpeg"}],"twitter_card":"summary_large_image","twitter_misc":{"Est. reading time":"1 minute"},"schema":{"@context":"https:\/\/schema.org","@graph":[{"@type":"WebPage","@id":"https:\/\/endccv.com\/index.php\/contacto\/","url":"https:\/\/endccv.com\/index.php\/contacto\/","name":"Contacto - endccv.com %","isPartOf":{"@id":"https:\/\/endccv.com\/#website"},"datePublished":"2023-05-09T04:06:41+00:00","dateModified":"2026-04-11T00:46:41+00:00","description":"Servicio de Inspecciones mediante Ensayos No Destructivos. Ofrecemos un servicio integral de ultrasonido industrial; tanto en en el proceso de fabricaci\u00f3n, reparaci\u00f3n y\/o mantenimiento.","breadcrumb":{"@id":"https:\/\/endccv.com\/index.php\/contacto\/#breadcrumb"},"inLanguage":"en-US","potentialAction":[{"@type":"ReadAction","target":["https:\/\/endccv.com\/index.php\/contacto\/"]}]},{"@type":"BreadcrumbList","@id":"https:\/\/endccv.com\/index.php\/contacto\/#breadcrumb","itemListElement":[{"@type":"ListItem","position":1,"name":"Inicio","item":"https:\/\/endccv.com\/"},{"@type":"ListItem","position":2,"name":"Contacto"}]},{"@type":"WebSite","@id":"https:\/\/endccv.com\/#website","url":"https:\/\/endccv.com\/","name":"endccv.com","description":"Ensayos No Destructivos y Control de Calidad de Veracruz","publisher":{"@id":"https:\/\/endccv.com\/#organization"},"alternateName":"Ensayos No Destructivos y Control de Calidad de Veracruz","potentialAction":[{"@type":"SearchAction","target":{"@type":"EntryPoint","urlTemplate":"https:\/\/endccv.com\/?s={search_term_string}"},"query-input":"required name=search_term_string"}],"inLanguage":"en-US"},{"@type":"Organization","@id":"https:\/\/endccv.com\/#organization","name":"Ensayos No Destructivos y Control de Calidad de Veracruz","url":"https:\/\/endccv.com\/","logo":{"@type":"ImageObject","inLanguage":"en-US","@id":"https:\/\/endccv.com\/#\/schema\/logo\/image\/","url":"https:\/\/endccv.com\/wp-content\/uploads\/2023\/05\/cropped-Logo.png","contentUrl":"https:\/\/endccv.com\/wp-content\/uploads\/2023\/05\/cropped-Logo.png","width":884,"height":644,"caption":"Ensayos No Destructivos y Control de Calidad de Veracruz"},"image":{"@id":"https:\/\/endccv.com\/#\/schema\/logo\/image\/"}}]}},"_links":{"self":[{"href":"https:\/\/endccv.com\/index.php\/wp-json\/wp\/v2\/pages\/30"}],"collection":[{"href":"https:\/\/endccv.com\/index.php\/wp-json\/wp\/v2\/pages"}],"about":[{"href":"https:\/\/endccv.com\/index.php\/wp-json\/wp\/v2\/types\/page"}],"author":[{"embeddable":true,"href":"https:\/\/endccv.com\/index.php\/wp-json\/wp\/v2\/users\/1"}],"replies":[{"embeddable":true,"href":"https:\/\/endccv.com\/index.php\/wp-json\/wp\/v2\/comments?post=30"}],"version-history":[{"count":22,"href":"https:\/\/endccv.com\/index.php\/wp-json\/wp\/v2\/pages\/30\/revisions"}],"predecessor-version":[{"id":4504,"href":"https:\/\/endccv.com\/index.php\/wp-json\/wp\/v2\/pages\/30\/revisions\/4504"}],"wp:featuredmedia":[{"embeddable":true,"href":"https:\/\/endccv.com\/index.php\/wp-json\/wp\/v2\/media\/22"}],"wp:attachment":[{"href":"https:\/\/endccv.com\/index.php\/wp-json\/wp\/v2\/media?parent=30"}],"curies":[{"name":"wp","href":"https:\/\/api.w.org\/{rel}","templated":true}]}}