{"id":29,"date":"2023-05-09T04:06:41","date_gmt":"2023-05-09T04:06:41","guid":{"rendered":"https:\/\/endccv.com\/?page_id=29"},"modified":"2025-02-05T21:08:40","modified_gmt":"2025-02-05T21:08:40","slug":"inicio","status":"publish","type":"page","link":"https:\/\/endccv.com\/","title":{"rendered":"Inicio"},"content":{"rendered":"\n<div class=\"wp-block-cover alignfull is-light hestia-clear-top-padding\"><span aria-hidden=\"true\" class=\"wp-block-cover__background has-white-background-color has-background-dim-100 has-background-dim\"><\/span><div class=\"wp-block-cover__inner-container\">\n<h2 class=\"wp-block-heading has-text-align-center has-text-color\" style=\"color:#3c4858\">NOSOTROS<\/h2>\n\n\n\n<div style=\"height:40px\" aria-hidden=\"true\" class=\"wp-block-spacer\"><\/div>\n\n\n\n<div class=\"wp-block-columns container is-layout-flex wp-container-5\">\n<div class=\"wp-block-column is-layout-flow\">\n<h5 class=\"wp-block-heading has-text-align-center has-text-color\" style=\"color:#3c4858;font-size:18px\">MISI\u00d3N<\/h5>\n\n\n\n<p class=\"has-text-align-left\">Brindar a trav\u00e9s de nuestra empresa ensayos de inspecci\u00f3n que cumplan los requisitos demandados; basados en el talento de nuestros profesionales y t\u00e9cnicos, con tiempos de entregas oportunos.&nbsp;<\/p>\n\n\n\n<p class=\"has-text-align-left\">Proporcionando as\u00ed productos de calidad a nuestros clientes de acuerdo a sus pol\u00edticas de Calidad, Seguridad, Salud y Medio Ambiente.<\/p>\n\n\n\n<div style=\"height:25px\" aria-hidden=\"true\" class=\"wp-block-spacer\"><\/div>\n<\/div>\n\n\n\n<div class=\"wp-block-column is-layout-flow\">\n<h5 class=\"wp-block-heading has-text-align-center has-text-color\" style=\"color:#3c4858;font-size:18px\">VISI\u00d3N<\/h5>\n\n\n\n<p>Ser la empresa l\u00edder en el servicio de Inspecciones mediante Ensayos No Destructivos. Cumpliendo con los est\u00e1ndares m\u00e1s altos de calidad, garantizando as\u00ed nuestros servicios basados en normas y procedimientos certificados cumpliendo con los requerimientos de nuestros clientes.<\/p>\n\n\n\n<div style=\"height:25px\" aria-hidden=\"true\" class=\"wp-block-spacer\"><\/div>\n<\/div>\n\n\n\n<div class=\"wp-block-column is-layout-flow\">\n<h5 class=\"wp-block-heading has-text-align-center has-text-color\" style=\"color:#3c4858;font-size:18px\">VALORES<\/h5>\n\n\n\n<div class=\"wp-block-group is-layout-constrained\"><div class=\"wp-block-group__inner-container\">\n<p class=\"has-text-align-center\">     \u2022  Calidez<\/p>\n\n\n\n<p class=\"has-text-align-center\">                            \u2022  Liderazgo<\/p>\n\n\n\n<p class=\"has-text-align-center\">                            \u2022  Honradez<\/p>\n\n\n\n<p class=\"has-text-align-center\">                            \u2022  Puntualidad<\/p>\n\n\n\n<p class=\"has-text-align-center\">                            \u2022  Compromiso<\/p>\n\n\n\n<p class=\"has-text-align-center\">                            \u2022  Responsabilidad<\/p>\n\n\n\n<p class=\"has-text-align-center\">                           \u2022  Trabajo en equipo<\/p>\n<\/div><\/div>\n\n\n\n<div style=\"height:25px\" aria-hidden=\"true\" class=\"wp-block-spacer\"><\/div>\n<\/div>\n<\/div>\n\n\n\n<div style=\"height:40px\" aria-hidden=\"true\" class=\"wp-block-spacer\"><\/div>\n<\/div><\/div>\n\n\n\n<div class=\"wp-block-columns container is-layout-flex wp-container-7\">\n<div class=\"wp-block-column col-md-5 is-layout-flow\">\n<p class=\"has-text-align-center has-medium-font-size\"><\/p>\n\n\n\n<p class=\"has-text-align-center has-medium-font-size\"><strong>ACERCA DE ENDCCV<\/strong><\/p>\n<\/div>\n<\/div>\n\n\n\n<div class=\"wp-block-columns container is-layout-flex wp-container-10\">\n<div class=\"wp-block-column col-md-5 is-layout-flow\">\n<p>Somos una empresa&nbsp; de Inspecci\u00f3n con una larga experiencia en cada una de sus especialidades y que a lo largo de los a\u00f1os se ha consolidado&nbsp; en la industria, basando nuestro \u00e9xito a trav\u00e9s de nuestro personal. &nbsp;<\/p>\n<\/div>\n\n\n\n<div class=\"wp-block-column col-md-5 is-layout-flow\">\n<p>Nuestras estrategias se ligan a nuestros programas de calidad que se dise\u00f1an para dar el mejor servicio y proteger con valor a todo en cuesti\u00f3n relacionado con metas de productividad y la integridad de nuestros clientes que nos brindan su confianza.<\/p>\n<\/div>\n<\/div>\n","protected":false},"excerpt":{"rendered":"<p>ACERCA DE ENDCCV Somos una empresa&nbsp; de Inspecci\u00f3n con una larga experiencia en cada una de sus especialidades y que a lo largo de los a\u00f1os se ha consolidado&nbsp; en la industria, basando nuestro \u00e9xito a trav\u00e9s de nuestro personal. &nbsp; Nuestras estrategias se ligan a nuestros programas de calidad [&hellip;]<\/p>\n","protected":false},"author":1,"featured_media":0,"parent":0,"menu_order":0,"comment_status":"closed","ping_status":"closed","template":"","meta":{"_themeisle_gutenberg_block_has_review":false},"yoast_head":"<!-- This site is optimized with the Yoast SEO plugin v20.9 - https:\/\/yoast.com\/wordpress\/plugins\/seo\/ -->\n<title>Inicio - endccv.com %<\/title>\n<meta name=\"robots\" content=\"index, follow, max-snippet:-1, max-image-preview:large, max-video-preview:-1\" \/>\n<link rel=\"canonical\" href=\"https:\/\/endccv.com\/\" \/>\n<meta property=\"og:locale\" content=\"en_US\" \/>\n<meta property=\"og:type\" content=\"article\" \/>\n<meta property=\"og:title\" content=\"Inicio - endccv.com %\" \/>\n<meta property=\"og:description\" content=\"ACERCA DE ENDCCV Somos una empresa&nbsp; de Inspecci\u00f3n con una larga experiencia en cada una de sus especialidades y que a lo largo de los a\u00f1os se ha consolidado&nbsp; en la industria, basando nuestro \u00e9xito a trav\u00e9s de nuestro personal. &nbsp; Nuestras estrategias se ligan a nuestros programas de calidad [&hellip;]\" \/>\n<meta property=\"og:url\" content=\"https:\/\/endccv.com\/\" \/>\n<meta property=\"og:site_name\" content=\"endccv.com\" \/>\n<meta property=\"article:modified_time\" content=\"2025-02-05T21:08:40+00:00\" \/>\n<meta name=\"twitter:card\" content=\"summary_large_image\" \/>\n<meta name=\"twitter:label1\" content=\"Est. reading time\" \/>\n\t<meta name=\"twitter:data1\" content=\"1 minute\" \/>\n<script type=\"application\/ld+json\" class=\"yoast-schema-graph\">{\"@context\":\"https:\/\/schema.org\",\"@graph\":[{\"@type\":\"WebPage\",\"@id\":\"https:\/\/endccv.com\/\",\"url\":\"https:\/\/endccv.com\/\",\"name\":\"Inicio - endccv.com %\",\"isPartOf\":{\"@id\":\"https:\/\/endccv.com\/#website\"},\"datePublished\":\"2023-05-09T04:06:41+00:00\",\"dateModified\":\"2025-02-05T21:08:40+00:00\",\"breadcrumb\":{\"@id\":\"https:\/\/endccv.com\/#breadcrumb\"},\"inLanguage\":\"en-US\",\"potentialAction\":[{\"@type\":\"ReadAction\",\"target\":[\"https:\/\/endccv.com\/\"]}]},{\"@type\":\"BreadcrumbList\",\"@id\":\"https:\/\/endccv.com\/#breadcrumb\",\"itemListElement\":[{\"@type\":\"ListItem\",\"position\":1,\"name\":\"Inicio\",\"item\":\"https:\/\/endccv.com\/\"},{\"@type\":\"ListItem\",\"position\":2,\"name\":\"Inicio\"}]},{\"@type\":\"WebSite\",\"@id\":\"https:\/\/endccv.com\/#website\",\"url\":\"https:\/\/endccv.com\/\",\"name\":\"endccv.com\",\"description\":\"Ensayos No Destructivos y Control de Calidad de Veracruz\",\"publisher\":{\"@id\":\"https:\/\/endccv.com\/#organization\"},\"alternateName\":\"Ensayos No Destructivos y Control de Calidad de Veracruz\",\"potentialAction\":[{\"@type\":\"SearchAction\",\"target\":{\"@type\":\"EntryPoint\",\"urlTemplate\":\"https:\/\/endccv.com\/?s={search_term_string}\"},\"query-input\":\"required name=search_term_string\"}],\"inLanguage\":\"en-US\"},{\"@type\":\"Organization\",\"@id\":\"https:\/\/endccv.com\/#organization\",\"name\":\"Ensayos No Destructivos y Control de Calidad de Veracruz\",\"url\":\"https:\/\/endccv.com\/\",\"logo\":{\"@type\":\"ImageObject\",\"inLanguage\":\"en-US\",\"@id\":\"https:\/\/endccv.com\/#\/schema\/logo\/image\/\",\"url\":\"https:\/\/endccv.com\/wp-content\/uploads\/2023\/05\/cropped-Logo.png\",\"contentUrl\":\"https:\/\/endccv.com\/wp-content\/uploads\/2023\/05\/cropped-Logo.png\",\"width\":884,\"height\":644,\"caption\":\"Ensayos No Destructivos y Control de Calidad de Veracruz\"},\"image\":{\"@id\":\"https:\/\/endccv.com\/#\/schema\/logo\/image\/\"}}]}<\/script>\n<!-- \/ Yoast SEO plugin. -->","yoast_head_json":{"title":"Inicio - endccv.com %","robots":{"index":"index","follow":"follow","max-snippet":"max-snippet:-1","max-image-preview":"max-image-preview:large","max-video-preview":"max-video-preview:-1"},"canonical":"https:\/\/endccv.com\/","og_locale":"en_US","og_type":"article","og_title":"Inicio - endccv.com %","og_description":"ACERCA DE ENDCCV Somos una empresa&nbsp; de Inspecci\u00f3n con una larga experiencia en cada una de sus especialidades y que a lo largo de los a\u00f1os se ha consolidado&nbsp; en la industria, basando nuestro \u00e9xito a trav\u00e9s de nuestro personal. &nbsp; Nuestras estrategias se ligan a nuestros programas de calidad [&hellip;]","og_url":"https:\/\/endccv.com\/","og_site_name":"endccv.com","article_modified_time":"2025-02-05T21:08:40+00:00","twitter_card":"summary_large_image","twitter_misc":{"Est. reading time":"1 minute"},"schema":{"@context":"https:\/\/schema.org","@graph":[{"@type":"WebPage","@id":"https:\/\/endccv.com\/","url":"https:\/\/endccv.com\/","name":"Inicio - endccv.com %","isPartOf":{"@id":"https:\/\/endccv.com\/#website"},"datePublished":"2023-05-09T04:06:41+00:00","dateModified":"2025-02-05T21:08:40+00:00","breadcrumb":{"@id":"https:\/\/endccv.com\/#breadcrumb"},"inLanguage":"en-US","potentialAction":[{"@type":"ReadAction","target":["https:\/\/endccv.com\/"]}]},{"@type":"BreadcrumbList","@id":"https:\/\/endccv.com\/#breadcrumb","itemListElement":[{"@type":"ListItem","position":1,"name":"Inicio","item":"https:\/\/endccv.com\/"},{"@type":"ListItem","position":2,"name":"Inicio"}]},{"@type":"WebSite","@id":"https:\/\/endccv.com\/#website","url":"https:\/\/endccv.com\/","name":"endccv.com","description":"Ensayos No Destructivos y Control de Calidad de Veracruz","publisher":{"@id":"https:\/\/endccv.com\/#organization"},"alternateName":"Ensayos No Destructivos y Control de Calidad de Veracruz","potentialAction":[{"@type":"SearchAction","target":{"@type":"EntryPoint","urlTemplate":"https:\/\/endccv.com\/?s={search_term_string}"},"query-input":"required name=search_term_string"}],"inLanguage":"en-US"},{"@type":"Organization","@id":"https:\/\/endccv.com\/#organization","name":"Ensayos No Destructivos y Control de Calidad de Veracruz","url":"https:\/\/endccv.com\/","logo":{"@type":"ImageObject","inLanguage":"en-US","@id":"https:\/\/endccv.com\/#\/schema\/logo\/image\/","url":"https:\/\/endccv.com\/wp-content\/uploads\/2023\/05\/cropped-Logo.png","contentUrl":"https:\/\/endccv.com\/wp-content\/uploads\/2023\/05\/cropped-Logo.png","width":884,"height":644,"caption":"Ensayos No Destructivos y Control de Calidad de Veracruz"},"image":{"@id":"https:\/\/endccv.com\/#\/schema\/logo\/image\/"}}]}},"_links":{"self":[{"href":"https:\/\/endccv.com\/index.php\/wp-json\/wp\/v2\/pages\/29"}],"collection":[{"href":"https:\/\/endccv.com\/index.php\/wp-json\/wp\/v2\/pages"}],"about":[{"href":"https:\/\/endccv.com\/index.php\/wp-json\/wp\/v2\/types\/page"}],"author":[{"embeddable":true,"href":"https:\/\/endccv.com\/index.php\/wp-json\/wp\/v2\/users\/1"}],"replies":[{"embeddable":true,"href":"https:\/\/endccv.com\/index.php\/wp-json\/wp\/v2\/comments?post=29"}],"version-history":[{"count":18,"href":"https:\/\/endccv.com\/index.php\/wp-json\/wp\/v2\/pages\/29\/revisions"}],"predecessor-version":[{"id":4473,"href":"https:\/\/endccv.com\/index.php\/wp-json\/wp\/v2\/pages\/29\/revisions\/4473"}],"wp:attachment":[{"href":"https:\/\/endccv.com\/index.php\/wp-json\/wp\/v2\/media?parent=29"}],"curies":[{"name":"wp","href":"https:\/\/api.w.org\/{rel}","templated":true}]}}